{"id":2141,"date":"2024-11-12T22:44:30","date_gmt":"2024-11-12T22:44:30","guid":{"rendered":"http:\/\/touchconsulting.io\/pe\/?page_id=2141"},"modified":"2025-03-19T15:48:19","modified_gmt":"2025-03-19T15:48:19","slug":"politicas-de-sistema-integrado-de-gestion","status":"publish","type":"page","link":"https:\/\/touchconsulting.io\/pe\/politicas-de-sistema-integrado-de-gestion\/","title":{"rendered":"Pol\u00edtica de Sistema Integrado de Gesti\u00f3n"},"content":{"rendered":"","protected":false},"excerpt":{"rendered":"","protected":false},"author":2,"featured_media":0,"parent":0,"menu_order":15,"comment_status":"closed","ping_status":"closed","template":"templates\/touch-politicas-gestion.php","meta":{"_acf_changed":false,"_joinchat":{"telephone":"662666012"},"footnotes":""},"class_list":["post-2141","page","type-page","status-publish","hentry"],"acf":[],"yoast_head":"<!-- This site is optimized with the Yoast SEO plugin v23.9 - https:\/\/yoast.com\/wordpress\/plugins\/seo\/ -->\n<title>Pol\u00edticas de Gesti\u00f3n Integrada para la Eficiencia Organizacional - Touch Consulting Per\u00fa<\/title>\n<meta name=\"description\" content=\"Descubre nuestras Pol\u00edticas de Gesti\u00f3n Integrada para la Eficiencia Organizacional, dise\u00f1adas para mejorar la eficiencia organizacional.\" \/>\n<meta name=\"robots\" content=\"index, follow, max-snippet:-1, max-image-preview:large, max-video-preview:-1\" \/>\n<link rel=\"canonical\" href=\"https:\/\/touchconsulting.io\/pe\/politicas-de-sistema-integrado-de-gestion\/\" \/>\n<meta property=\"og:locale\" content=\"es_ES\" \/>\n<meta property=\"og:type\" content=\"article\" \/>\n<meta property=\"og:title\" content=\"Pol\u00edticas de Gesti\u00f3n Integrada para la Eficiencia Organizacional - Touch Consulting Per\u00fa\" \/>\n<meta property=\"og:description\" content=\"Descubre nuestras Pol\u00edticas de Gesti\u00f3n Integrada para la Eficiencia Organizacional, dise\u00f1adas para mejorar la eficiencia organizacional.\" \/>\n<meta property=\"og:url\" content=\"https:\/\/touchconsulting.io\/pe\/politicas-de-sistema-integrado-de-gestion\/\" \/>\n<meta property=\"og:site_name\" content=\"Touch Consulting Per\u00fa\" \/>\n<meta property=\"article:modified_time\" content=\"2025-03-19T15:48:19+00:00\" \/>\n<meta name=\"twitter:card\" content=\"summary_large_image\" \/>\n<meta name=\"twitter:label1\" content=\"Tiempo de lectura\" \/>\n\t<meta name=\"twitter:data1\" content=\"3 minutos\" \/>\n<script type=\"application\/ld+json\" class=\"yoast-schema-graph\">{\"@context\":\"https:\/\/schema.org\",\"@graph\":[{\"@type\":\"WebPage\",\"@id\":\"https:\/\/touchconsulting.io\/pe\/politicas-de-sistema-integrado-de-gestion\/\",\"url\":\"https:\/\/touchconsulting.io\/pe\/politicas-de-sistema-integrado-de-gestion\/\",\"name\":\"Pol\u00edticas de Gesti\u00f3n Integrada para la Eficiencia Organizacional - Touch Consulting Per\u00fa\",\"isPartOf\":{\"@id\":\"https:\/\/touchconsulting.io\/pe\/#website\"},\"datePublished\":\"2024-11-12T22:44:30+00:00\",\"dateModified\":\"2025-03-19T15:48:19+00:00\",\"description\":\"Descubre nuestras Pol\u00edticas de Gesti\u00f3n Integrada para la Eficiencia Organizacional, dise\u00f1adas para mejorar la eficiencia organizacional.\",\"breadcrumb\":{\"@id\":\"https:\/\/touchconsulting.io\/pe\/politicas-de-sistema-integrado-de-gestion\/#breadcrumb\"},\"inLanguage\":\"es\",\"potentialAction\":[{\"@type\":\"ReadAction\",\"target\":[\"https:\/\/touchconsulting.io\/pe\/politicas-de-sistema-integrado-de-gestion\/\"]}]},{\"@type\":\"BreadcrumbList\",\"@id\":\"https:\/\/touchconsulting.io\/pe\/politicas-de-sistema-integrado-de-gestion\/#breadcrumb\",\"itemListElement\":[{\"@type\":\"ListItem\",\"position\":1,\"name\":\"Portada\",\"item\":\"https:\/\/touchconsulting.io\/pe\/\"},{\"@type\":\"ListItem\",\"position\":2,\"name\":\"Pol\u00edtica de Sistema Integrado de Gesti\u00f3n\"}]},{\"@type\":\"WebSite\",\"@id\":\"https:\/\/touchconsulting.io\/pe\/#website\",\"url\":\"https:\/\/touchconsulting.io\/pe\/\",\"name\":\"Touch Consulting Per\u00fa\",\"description\":\"Consultora TI\",\"publisher\":{\"@id\":\"https:\/\/touchconsulting.io\/pe\/#organization\"},\"potentialAction\":[{\"@type\":\"SearchAction\",\"target\":{\"@type\":\"EntryPoint\",\"urlTemplate\":\"https:\/\/touchconsulting.io\/pe\/?s={search_term_string}\"},\"query-input\":{\"@type\":\"PropertyValueSpecification\",\"valueRequired\":true,\"valueName\":\"search_term_string\"}}],\"inLanguage\":\"es\"},{\"@type\":\"Organization\",\"@id\":\"https:\/\/touchconsulting.io\/pe\/#organization\",\"name\":\"TOUCH CONSULTING\",\"alternateName\":\"TOUCH\",\"url\":\"https:\/\/touchconsulting.io\/pe\/\",\"logo\":{\"@type\":\"ImageObject\",\"inLanguage\":\"es\",\"@id\":\"https:\/\/touchconsulting.io\/pe\/#\/schema\/logo\/image\/\",\"url\":\"https:\/\/touchconsulting.io\/pe\/wp-content\/uploads\/sites\/2\/2024\/03\/LogotiposTouch_Logo-min.png\",\"contentUrl\":\"https:\/\/touchconsulting.io\/pe\/wp-content\/uploads\/sites\/2\/2024\/03\/LogotiposTouch_Logo-min.png\",\"width\":281,\"height\":105,\"caption\":\"TOUCH CONSULTING\"},\"image\":{\"@id\":\"https:\/\/touchconsulting.io\/pe\/#\/schema\/logo\/image\/\"}}]}<\/script>\n<!-- \/ Yoast SEO plugin. -->","yoast_head_json":{"title":"Pol\u00edticas de Gesti\u00f3n Integrada para la Eficiencia Organizacional - Touch Consulting Per\u00fa","description":"Descubre nuestras Pol\u00edticas de Gesti\u00f3n Integrada para la Eficiencia Organizacional, dise\u00f1adas para mejorar la eficiencia organizacional.","robots":{"index":"index","follow":"follow","max-snippet":"max-snippet:-1","max-image-preview":"max-image-preview:large","max-video-preview":"max-video-preview:-1"},"canonical":"https:\/\/touchconsulting.io\/pe\/politicas-de-sistema-integrado-de-gestion\/","og_locale":"es_ES","og_type":"article","og_title":"Pol\u00edticas de Gesti\u00f3n Integrada para la Eficiencia Organizacional - Touch Consulting Per\u00fa","og_description":"Descubre nuestras Pol\u00edticas de Gesti\u00f3n Integrada para la Eficiencia Organizacional, dise\u00f1adas para mejorar la eficiencia organizacional.","og_url":"https:\/\/touchconsulting.io\/pe\/politicas-de-sistema-integrado-de-gestion\/","og_site_name":"Touch Consulting Per\u00fa","article_modified_time":"2025-03-19T15:48:19+00:00","twitter_card":"summary_large_image","twitter_misc":{"Tiempo de lectura":"3 minutos"},"schema":{"@context":"https:\/\/schema.org","@graph":[{"@type":"WebPage","@id":"https:\/\/touchconsulting.io\/pe\/politicas-de-sistema-integrado-de-gestion\/","url":"https:\/\/touchconsulting.io\/pe\/politicas-de-sistema-integrado-de-gestion\/","name":"Pol\u00edticas de Gesti\u00f3n Integrada para la Eficiencia Organizacional - Touch Consulting Per\u00fa","isPartOf":{"@id":"https:\/\/touchconsulting.io\/pe\/#website"},"datePublished":"2024-11-12T22:44:30+00:00","dateModified":"2025-03-19T15:48:19+00:00","description":"Descubre nuestras Pol\u00edticas de Gesti\u00f3n Integrada para la Eficiencia Organizacional, dise\u00f1adas para mejorar la eficiencia organizacional.","breadcrumb":{"@id":"https:\/\/touchconsulting.io\/pe\/politicas-de-sistema-integrado-de-gestion\/#breadcrumb"},"inLanguage":"es","potentialAction":[{"@type":"ReadAction","target":["https:\/\/touchconsulting.io\/pe\/politicas-de-sistema-integrado-de-gestion\/"]}]},{"@type":"BreadcrumbList","@id":"https:\/\/touchconsulting.io\/pe\/politicas-de-sistema-integrado-de-gestion\/#breadcrumb","itemListElement":[{"@type":"ListItem","position":1,"name":"Portada","item":"https:\/\/touchconsulting.io\/pe\/"},{"@type":"ListItem","position":2,"name":"Pol\u00edtica de Sistema Integrado de Gesti\u00f3n"}]},{"@type":"WebSite","@id":"https:\/\/touchconsulting.io\/pe\/#website","url":"https:\/\/touchconsulting.io\/pe\/","name":"Touch Consulting Per\u00fa","description":"Consultora TI","publisher":{"@id":"https:\/\/touchconsulting.io\/pe\/#organization"},"potentialAction":[{"@type":"SearchAction","target":{"@type":"EntryPoint","urlTemplate":"https:\/\/touchconsulting.io\/pe\/?s={search_term_string}"},"query-input":{"@type":"PropertyValueSpecification","valueRequired":true,"valueName":"search_term_string"}}],"inLanguage":"es"},{"@type":"Organization","@id":"https:\/\/touchconsulting.io\/pe\/#organization","name":"TOUCH CONSULTING","alternateName":"TOUCH","url":"https:\/\/touchconsulting.io\/pe\/","logo":{"@type":"ImageObject","inLanguage":"es","@id":"https:\/\/touchconsulting.io\/pe\/#\/schema\/logo\/image\/","url":"https:\/\/touchconsulting.io\/pe\/wp-content\/uploads\/sites\/2\/2024\/03\/LogotiposTouch_Logo-min.png","contentUrl":"https:\/\/touchconsulting.io\/pe\/wp-content\/uploads\/sites\/2\/2024\/03\/LogotiposTouch_Logo-min.png","width":281,"height":105,"caption":"TOUCH CONSULTING"},"image":{"@id":"https:\/\/touchconsulting.io\/pe\/#\/schema\/logo\/image\/"}}]}},"_links":{"self":[{"href":"https:\/\/touchconsulting.io\/pe\/wp-json\/wp\/v2\/pages\/2141","targetHints":{"allow":["GET"]}}],"collection":[{"href":"https:\/\/touchconsulting.io\/pe\/wp-json\/wp\/v2\/pages"}],"about":[{"href":"https:\/\/touchconsulting.io\/pe\/wp-json\/wp\/v2\/types\/page"}],"author":[{"embeddable":true,"href":"https:\/\/touchconsulting.io\/pe\/wp-json\/wp\/v2\/users\/2"}],"replies":[{"embeddable":true,"href":"https:\/\/touchconsulting.io\/pe\/wp-json\/wp\/v2\/comments?post=2141"}],"version-history":[{"count":23,"href":"https:\/\/touchconsulting.io\/pe\/wp-json\/wp\/v2\/pages\/2141\/revisions"}],"predecessor-version":[{"id":2488,"href":"https:\/\/touchconsulting.io\/pe\/wp-json\/wp\/v2\/pages\/2141\/revisions\/2488"}],"wp:attachment":[{"href":"https:\/\/touchconsulting.io\/pe\/wp-json\/wp\/v2\/media?parent=2141"}],"curies":[{"name":"wp","href":"https:\/\/api.w.org\/{rel}","templated":true}]}}