{"id":14,"date":"2024-03-15T13:27:19","date_gmt":"2024-03-15T13:27:19","guid":{"rendered":"http:\/\/touchconsulting.io\/pe\/?page_id=14"},"modified":"2024-12-06T16:06:07","modified_gmt":"2024-12-06T16:06:07","slug":"casos-de-exito","status":"publish","type":"page","link":"https:\/\/touchconsulting.io\/pe\/casos-de-exito\/","title":{"rendered":"Casos de \u00c9xito"},"content":{"rendered":"","protected":false},"excerpt":{"rendered":"","protected":false},"author":1,"featured_media":0,"parent":0,"menu_order":13,"comment_status":"closed","ping_status":"closed","template":"templates\/touch-casos-exito.php","meta":{"_acf_changed":false,"_joinchat":[],"footnotes":""},"class_list":["post-14","page","type-page","status-publish","hentry"],"acf":[],"yoast_head":"<!-- This site is optimized with the Yoast SEO plugin v23.9 - https:\/\/yoast.com\/wordpress\/plugins\/seo\/ -->\n<title>Casos de \u00c9xito Empresarial con Soluciones TI - Touch Consulting Per\u00fa<\/title>\n<meta name=\"description\" content=\"Conoce los casos de \u00e9xito empresarial con soluciones TI de Touch Consulting. Empresas l\u00edderes conf\u00edan en nosotros.\" \/>\n<meta name=\"robots\" content=\"index, follow, max-snippet:-1, max-image-preview:large, max-video-preview:-1\" \/>\n<link rel=\"canonical\" href=\"http:\/\/touchconsulting.io\/pe\/casos-de-exito\/\" \/>\n<meta property=\"og:locale\" content=\"es_ES\" \/>\n<meta property=\"og:type\" content=\"article\" \/>\n<meta property=\"og:title\" content=\"Casos de \u00c9xito Empresarial con Soluciones TI - Touch Consulting Per\u00fa\" \/>\n<meta property=\"og:description\" content=\"Conoce los casos de \u00e9xito empresarial con soluciones TI de Touch Consulting. Empresas l\u00edderes conf\u00edan en nosotros.\" \/>\n<meta property=\"og:url\" content=\"http:\/\/touchconsulting.io\/pe\/casos-de-exito\/\" \/>\n<meta property=\"og:site_name\" content=\"Touch Consulting Per\u00fa\" \/>\n<meta property=\"article:modified_time\" content=\"2024-12-06T16:06:07+00:00\" \/>\n<meta name=\"twitter:card\" content=\"summary_large_image\" \/>\n<meta name=\"twitter:label1\" content=\"Tiempo de lectura\" \/>\n\t<meta name=\"twitter:data1\" content=\"3 minutos\" \/>\n<script type=\"application\/ld+json\" class=\"yoast-schema-graph\">{\"@context\":\"https:\/\/schema.org\",\"@graph\":[{\"@type\":\"WebPage\",\"@id\":\"https:\/\/touchconsulting.io\/pe\/casos-de-exito\/\",\"url\":\"http:\/\/touchconsulting.io\/pe\/casos-de-exito\/\",\"name\":\"Casos de \u00c9xito Empresarial con Soluciones TI - Touch Consulting Per\u00fa\",\"isPartOf\":{\"@id\":\"https:\/\/touchconsulting.io\/pe\/#website\"},\"datePublished\":\"2024-03-15T13:27:19+00:00\",\"dateModified\":\"2024-12-06T16:06:07+00:00\",\"description\":\"Conoce los casos de \u00e9xito empresarial con soluciones TI de Touch Consulting. Empresas l\u00edderes conf\u00edan en nosotros.\",\"breadcrumb\":{\"@id\":\"http:\/\/touchconsulting.io\/pe\/casos-de-exito\/#breadcrumb\"},\"inLanguage\":\"es\",\"potentialAction\":[{\"@type\":\"ReadAction\",\"target\":[\"http:\/\/touchconsulting.io\/pe\/casos-de-exito\/\"]}]},{\"@type\":\"BreadcrumbList\",\"@id\":\"http:\/\/touchconsulting.io\/pe\/casos-de-exito\/#breadcrumb\",\"itemListElement\":[{\"@type\":\"ListItem\",\"position\":1,\"name\":\"Portada\",\"item\":\"https:\/\/touchconsulting.io\/pe\/\"},{\"@type\":\"ListItem\",\"position\":2,\"name\":\"Casos de \u00c9xito\"}]},{\"@type\":\"WebSite\",\"@id\":\"https:\/\/touchconsulting.io\/pe\/#website\",\"url\":\"https:\/\/touchconsulting.io\/pe\/\",\"name\":\"Touch Consulting Per\u00fa\",\"description\":\"Consultora TI\",\"publisher\":{\"@id\":\"https:\/\/touchconsulting.io\/pe\/#organization\"},\"potentialAction\":[{\"@type\":\"SearchAction\",\"target\":{\"@type\":\"EntryPoint\",\"urlTemplate\":\"https:\/\/touchconsulting.io\/pe\/?s={search_term_string}\"},\"query-input\":{\"@type\":\"PropertyValueSpecification\",\"valueRequired\":true,\"valueName\":\"search_term_string\"}}],\"inLanguage\":\"es\"},{\"@type\":\"Organization\",\"@id\":\"https:\/\/touchconsulting.io\/pe\/#organization\",\"name\":\"TOUCH CONSULTING\",\"alternateName\":\"TOUCH\",\"url\":\"https:\/\/touchconsulting.io\/pe\/\",\"logo\":{\"@type\":\"ImageObject\",\"inLanguage\":\"es\",\"@id\":\"https:\/\/touchconsulting.io\/pe\/#\/schema\/logo\/image\/\",\"url\":\"https:\/\/touchconsulting.io\/pe\/wp-content\/uploads\/sites\/2\/2024\/03\/LogotiposTouch_Logo-min.png\",\"contentUrl\":\"https:\/\/touchconsulting.io\/pe\/wp-content\/uploads\/sites\/2\/2024\/03\/LogotiposTouch_Logo-min.png\",\"width\":281,\"height\":105,\"caption\":\"TOUCH CONSULTING\"},\"image\":{\"@id\":\"https:\/\/touchconsulting.io\/pe\/#\/schema\/logo\/image\/\"}}]}<\/script>\n<!-- \/ Yoast SEO plugin. -->","yoast_head_json":{"title":"Casos de \u00c9xito Empresarial con Soluciones TI - Touch Consulting Per\u00fa","description":"Conoce los casos de \u00e9xito empresarial con soluciones TI de Touch Consulting. Empresas l\u00edderes conf\u00edan en nosotros.","robots":{"index":"index","follow":"follow","max-snippet":"max-snippet:-1","max-image-preview":"max-image-preview:large","max-video-preview":"max-video-preview:-1"},"canonical":"http:\/\/touchconsulting.io\/pe\/casos-de-exito\/","og_locale":"es_ES","og_type":"article","og_title":"Casos de \u00c9xito Empresarial con Soluciones TI - Touch Consulting Per\u00fa","og_description":"Conoce los casos de \u00e9xito empresarial con soluciones TI de Touch Consulting. Empresas l\u00edderes conf\u00edan en nosotros.","og_url":"http:\/\/touchconsulting.io\/pe\/casos-de-exito\/","og_site_name":"Touch Consulting Per\u00fa","article_modified_time":"2024-12-06T16:06:07+00:00","twitter_card":"summary_large_image","twitter_misc":{"Tiempo de lectura":"3 minutos"},"schema":{"@context":"https:\/\/schema.org","@graph":[{"@type":"WebPage","@id":"https:\/\/touchconsulting.io\/pe\/casos-de-exito\/","url":"http:\/\/touchconsulting.io\/pe\/casos-de-exito\/","name":"Casos de \u00c9xito Empresarial con Soluciones TI - Touch Consulting Per\u00fa","isPartOf":{"@id":"https:\/\/touchconsulting.io\/pe\/#website"},"datePublished":"2024-03-15T13:27:19+00:00","dateModified":"2024-12-06T16:06:07+00:00","description":"Conoce los casos de \u00e9xito empresarial con soluciones TI de Touch Consulting. Empresas l\u00edderes conf\u00edan en nosotros.","breadcrumb":{"@id":"http:\/\/touchconsulting.io\/pe\/casos-de-exito\/#breadcrumb"},"inLanguage":"es","potentialAction":[{"@type":"ReadAction","target":["http:\/\/touchconsulting.io\/pe\/casos-de-exito\/"]}]},{"@type":"BreadcrumbList","@id":"http:\/\/touchconsulting.io\/pe\/casos-de-exito\/#breadcrumb","itemListElement":[{"@type":"ListItem","position":1,"name":"Portada","item":"https:\/\/touchconsulting.io\/pe\/"},{"@type":"ListItem","position":2,"name":"Casos de \u00c9xito"}]},{"@type":"WebSite","@id":"https:\/\/touchconsulting.io\/pe\/#website","url":"https:\/\/touchconsulting.io\/pe\/","name":"Touch Consulting Per\u00fa","description":"Consultora TI","publisher":{"@id":"https:\/\/touchconsulting.io\/pe\/#organization"},"potentialAction":[{"@type":"SearchAction","target":{"@type":"EntryPoint","urlTemplate":"https:\/\/touchconsulting.io\/pe\/?s={search_term_string}"},"query-input":{"@type":"PropertyValueSpecification","valueRequired":true,"valueName":"search_term_string"}}],"inLanguage":"es"},{"@type":"Organization","@id":"https:\/\/touchconsulting.io\/pe\/#organization","name":"TOUCH CONSULTING","alternateName":"TOUCH","url":"https:\/\/touchconsulting.io\/pe\/","logo":{"@type":"ImageObject","inLanguage":"es","@id":"https:\/\/touchconsulting.io\/pe\/#\/schema\/logo\/image\/","url":"https:\/\/touchconsulting.io\/pe\/wp-content\/uploads\/sites\/2\/2024\/03\/LogotiposTouch_Logo-min.png","contentUrl":"https:\/\/touchconsulting.io\/pe\/wp-content\/uploads\/sites\/2\/2024\/03\/LogotiposTouch_Logo-min.png","width":281,"height":105,"caption":"TOUCH CONSULTING"},"image":{"@id":"https:\/\/touchconsulting.io\/pe\/#\/schema\/logo\/image\/"}}]}},"_links":{"self":[{"href":"https:\/\/touchconsulting.io\/pe\/wp-json\/wp\/v2\/pages\/14","targetHints":{"allow":["GET"]}}],"collection":[{"href":"https:\/\/touchconsulting.io\/pe\/wp-json\/wp\/v2\/pages"}],"about":[{"href":"https:\/\/touchconsulting.io\/pe\/wp-json\/wp\/v2\/types\/page"}],"author":[{"embeddable":true,"href":"https:\/\/touchconsulting.io\/pe\/wp-json\/wp\/v2\/users\/1"}],"replies":[{"embeddable":true,"href":"https:\/\/touchconsulting.io\/pe\/wp-json\/wp\/v2\/comments?post=14"}],"version-history":[{"count":2,"href":"https:\/\/touchconsulting.io\/pe\/wp-json\/wp\/v2\/pages\/14\/revisions"}],"predecessor-version":[{"id":2214,"href":"https:\/\/touchconsulting.io\/pe\/wp-json\/wp\/v2\/pages\/14\/revisions\/2214"}],"wp:attachment":[{"href":"https:\/\/touchconsulting.io\/pe\/wp-json\/wp\/v2\/media?parent=14"}],"curies":[{"name":"wp","href":"https:\/\/api.w.org\/{rel}","templated":true}]}}