{"id":10,"date":"2024-03-15T13:26:18","date_gmt":"2024-03-15T13:26:18","guid":{"rendered":"http:\/\/touchconsulting.io\/pe\/?page_id=10"},"modified":"2025-11-18T22:08:11","modified_gmt":"2025-11-18T22:08:11","slug":"nosotros","status":"publish","type":"page","link":"https:\/\/touchconsulting.io\/pe\/nosotros\/","title":{"rendered":"Nosotros"},"content":{"rendered":"","protected":false},"excerpt":{"rendered":"","protected":false},"author":1,"featured_media":0,"parent":0,"menu_order":10,"comment_status":"closed","ping_status":"closed","template":"templates\/touch-proposito.php","meta":{"_acf_changed":false,"_joinchat":[],"footnotes":""},"class_list":["post-10","page","type-page","status-publish","hentry"],"acf":[],"yoast_head":"<!-- This site is optimized with the Yoast SEO plugin v23.9 - https:\/\/yoast.com\/wordpress\/plugins\/seo\/ -->\n<title>Consultor\u00eda tecnol\u00f3gica en Per\u00fa | Touch Consulting Per\u00fa<\/title>\n<meta name=\"description\" content=\"Descubre nuestro prop\u00f3sito en la consultor\u00eda TI y c\u00f3mo ayudamos a empresas a transformar su futuro con soluciones tecnol\u00f3gicas innovadoras.\" \/>\n<meta name=\"robots\" content=\"index, follow, max-snippet:-1, max-image-preview:large, max-video-preview:-1\" \/>\n<link rel=\"canonical\" href=\"http:\/\/touchconsulting.io\/pe\/\" \/>\n<meta property=\"og:locale\" content=\"es_ES\" \/>\n<meta property=\"og:type\" content=\"article\" \/>\n<meta property=\"og:title\" content=\"Consultor\u00eda tecnol\u00f3gica en Per\u00fa | Touch Consulting Per\u00fa\" \/>\n<meta property=\"og:description\" content=\"Descubre nuestro prop\u00f3sito en la consultor\u00eda TI y c\u00f3mo ayudamos a empresas a transformar su futuro con soluciones tecnol\u00f3gicas innovadoras.\" \/>\n<meta property=\"og:url\" content=\"http:\/\/touchconsulting.io\/pe\/\" \/>\n<meta property=\"og:site_name\" content=\"Touch Consulting Per\u00fa\" \/>\n<meta property=\"article:modified_time\" content=\"2025-11-18T22:08:11+00:00\" \/>\n<meta name=\"twitter:card\" content=\"summary_large_image\" \/>\n<meta name=\"twitter:label1\" content=\"Tiempo de lectura\" \/>\n\t<meta name=\"twitter:data1\" content=\"7 minutos\" \/>\n<script type=\"application\/ld+json\" class=\"yoast-schema-graph\">{\"@context\":\"https:\/\/schema.org\",\"@graph\":[{\"@type\":\"WebPage\",\"@id\":\"https:\/\/touchconsulting.io\/pe\/nosotros\/\",\"url\":\"http:\/\/touchconsulting.io\/pe\/\",\"name\":\"Consultor\u00eda tecnol\u00f3gica en Per\u00fa | Touch Consulting Per\u00fa\",\"isPartOf\":{\"@id\":\"https:\/\/touchconsulting.io\/pe\/#website\"},\"datePublished\":\"2024-03-15T13:26:18+00:00\",\"dateModified\":\"2025-11-18T22:08:11+00:00\",\"description\":\"Descubre nuestro prop\u00f3sito en la consultor\u00eda TI y c\u00f3mo ayudamos a empresas a transformar su futuro con soluciones tecnol\u00f3gicas innovadoras.\",\"breadcrumb\":{\"@id\":\"http:\/\/touchconsulting.io\/pe\/#breadcrumb\"},\"inLanguage\":\"es\",\"potentialAction\":[{\"@type\":\"ReadAction\",\"target\":[\"http:\/\/touchconsulting.io\/pe\/\"]}]},{\"@type\":\"BreadcrumbList\",\"@id\":\"http:\/\/touchconsulting.io\/pe\/#breadcrumb\",\"itemListElement\":[{\"@type\":\"ListItem\",\"position\":1,\"name\":\"Portada\",\"item\":\"https:\/\/touchconsulting.io\/pe\/\"},{\"@type\":\"ListItem\",\"position\":2,\"name\":\"Consultora TI en Per\u00fa\"}]},{\"@type\":\"WebSite\",\"@id\":\"https:\/\/touchconsulting.io\/pe\/#website\",\"url\":\"https:\/\/touchconsulting.io\/pe\/\",\"name\":\"Touch Consulting Per\u00fa\",\"description\":\"Consultora TI\",\"publisher\":{\"@id\":\"https:\/\/touchconsulting.io\/pe\/#organization\"},\"potentialAction\":[{\"@type\":\"SearchAction\",\"target\":{\"@type\":\"EntryPoint\",\"urlTemplate\":\"https:\/\/touchconsulting.io\/pe\/?s={search_term_string}\"},\"query-input\":{\"@type\":\"PropertyValueSpecification\",\"valueRequired\":true,\"valueName\":\"search_term_string\"}}],\"inLanguage\":\"es\"},{\"@type\":\"Organization\",\"@id\":\"https:\/\/touchconsulting.io\/pe\/#organization\",\"name\":\"TOUCH CONSULTING\",\"alternateName\":\"TOUCH\",\"url\":\"https:\/\/touchconsulting.io\/pe\/\",\"logo\":{\"@type\":\"ImageObject\",\"inLanguage\":\"es\",\"@id\":\"https:\/\/touchconsulting.io\/pe\/#\/schema\/logo\/image\/\",\"url\":\"https:\/\/touchconsulting.io\/pe\/wp-content\/uploads\/sites\/2\/2024\/03\/LogotiposTouch_Logo-min.png\",\"contentUrl\":\"https:\/\/touchconsulting.io\/pe\/wp-content\/uploads\/sites\/2\/2024\/03\/LogotiposTouch_Logo-min.png\",\"width\":281,\"height\":105,\"caption\":\"TOUCH CONSULTING\"},\"image\":{\"@id\":\"https:\/\/touchconsulting.io\/pe\/#\/schema\/logo\/image\/\"}}]}<\/script>\n<!-- \/ Yoast SEO plugin. -->","yoast_head_json":{"title":"Consultor\u00eda tecnol\u00f3gica en Per\u00fa | Touch Consulting Per\u00fa","description":"Descubre nuestro prop\u00f3sito en la consultor\u00eda TI y c\u00f3mo ayudamos a empresas a transformar su futuro con soluciones tecnol\u00f3gicas innovadoras.","robots":{"index":"index","follow":"follow","max-snippet":"max-snippet:-1","max-image-preview":"max-image-preview:large","max-video-preview":"max-video-preview:-1"},"canonical":"http:\/\/touchconsulting.io\/pe\/","og_locale":"es_ES","og_type":"article","og_title":"Consultor\u00eda tecnol\u00f3gica en Per\u00fa | Touch Consulting Per\u00fa","og_description":"Descubre nuestro prop\u00f3sito en la consultor\u00eda TI y c\u00f3mo ayudamos a empresas a transformar su futuro con soluciones tecnol\u00f3gicas innovadoras.","og_url":"http:\/\/touchconsulting.io\/pe\/","og_site_name":"Touch Consulting Per\u00fa","article_modified_time":"2025-11-18T22:08:11+00:00","twitter_card":"summary_large_image","twitter_misc":{"Tiempo de lectura":"7 minutos"},"schema":{"@context":"https:\/\/schema.org","@graph":[{"@type":"WebPage","@id":"https:\/\/touchconsulting.io\/pe\/nosotros\/","url":"http:\/\/touchconsulting.io\/pe\/","name":"Consultor\u00eda tecnol\u00f3gica en Per\u00fa | Touch Consulting Per\u00fa","isPartOf":{"@id":"https:\/\/touchconsulting.io\/pe\/#website"},"datePublished":"2024-03-15T13:26:18+00:00","dateModified":"2025-11-18T22:08:11+00:00","description":"Descubre nuestro prop\u00f3sito en la consultor\u00eda TI y c\u00f3mo ayudamos a empresas a transformar su futuro con soluciones tecnol\u00f3gicas innovadoras.","breadcrumb":{"@id":"http:\/\/touchconsulting.io\/pe\/#breadcrumb"},"inLanguage":"es","potentialAction":[{"@type":"ReadAction","target":["http:\/\/touchconsulting.io\/pe\/"]}]},{"@type":"BreadcrumbList","@id":"http:\/\/touchconsulting.io\/pe\/#breadcrumb","itemListElement":[{"@type":"ListItem","position":1,"name":"Portada","item":"https:\/\/touchconsulting.io\/pe\/"},{"@type":"ListItem","position":2,"name":"Consultora TI en Per\u00fa"}]},{"@type":"WebSite","@id":"https:\/\/touchconsulting.io\/pe\/#website","url":"https:\/\/touchconsulting.io\/pe\/","name":"Touch Consulting Per\u00fa","description":"Consultora TI","publisher":{"@id":"https:\/\/touchconsulting.io\/pe\/#organization"},"potentialAction":[{"@type":"SearchAction","target":{"@type":"EntryPoint","urlTemplate":"https:\/\/touchconsulting.io\/pe\/?s={search_term_string}"},"query-input":{"@type":"PropertyValueSpecification","valueRequired":true,"valueName":"search_term_string"}}],"inLanguage":"es"},{"@type":"Organization","@id":"https:\/\/touchconsulting.io\/pe\/#organization","name":"TOUCH CONSULTING","alternateName":"TOUCH","url":"https:\/\/touchconsulting.io\/pe\/","logo":{"@type":"ImageObject","inLanguage":"es","@id":"https:\/\/touchconsulting.io\/pe\/#\/schema\/logo\/image\/","url":"https:\/\/touchconsulting.io\/pe\/wp-content\/uploads\/sites\/2\/2024\/03\/LogotiposTouch_Logo-min.png","contentUrl":"https:\/\/touchconsulting.io\/pe\/wp-content\/uploads\/sites\/2\/2024\/03\/LogotiposTouch_Logo-min.png","width":281,"height":105,"caption":"TOUCH CONSULTING"},"image":{"@id":"https:\/\/touchconsulting.io\/pe\/#\/schema\/logo\/image\/"}}]}},"_links":{"self":[{"href":"https:\/\/touchconsulting.io\/pe\/wp-json\/wp\/v2\/pages\/10","targetHints":{"allow":["GET"]}}],"collection":[{"href":"https:\/\/touchconsulting.io\/pe\/wp-json\/wp\/v2\/pages"}],"about":[{"href":"https:\/\/touchconsulting.io\/pe\/wp-json\/wp\/v2\/types\/page"}],"author":[{"embeddable":true,"href":"https:\/\/touchconsulting.io\/pe\/wp-json\/wp\/v2\/users\/1"}],"replies":[{"embeddable":true,"href":"https:\/\/touchconsulting.io\/pe\/wp-json\/wp\/v2\/comments?post=10"}],"version-history":[{"count":26,"href":"https:\/\/touchconsulting.io\/pe\/wp-json\/wp\/v2\/pages\/10\/revisions"}],"predecessor-version":[{"id":2881,"href":"https:\/\/touchconsulting.io\/pe\/wp-json\/wp\/v2\/pages\/10\/revisions\/2881"}],"wp:attachment":[{"href":"https:\/\/touchconsulting.io\/pe\/wp-json\/wp\/v2\/media?parent=10"}],"curies":[{"name":"wp","href":"https:\/\/api.w.org\/{rel}","templated":true}]}}